{"id":15159,"date":"2024-11-15T13:15:21","date_gmt":"2024-11-15T12:15:21","guid":{"rendered":"https:\/\/www.watio.fr\/guide\/?page_id=15159"},"modified":"2025-01-19T19:30:32","modified_gmt":"2025-01-19T18:30:32","slug":"faq-quels-sont-les-modes-de-saisie-disponibles-pour-remplir-un-constat-amiable-de-degats-des-eaux","status":"publish","type":"page","link":"https:\/\/www.watio.fr\/guide\/centre-daide\/aide-utilisateur-sur-watio\/faq-quels-sont-les-modes-de-saisie-disponibles-pour-remplir-un-constat-amiable-de-degats-des-eaux\/","title":{"rendered":"FAQ : Quels sont les modes de saisie disponibles pour remplir un constat amiable de d\u00e9g\u00e2ts des eaux ?"},"content":{"rendered":"\t\t<div data-elementor-type=\"wp-page\" data-elementor-id=\"15159\" class=\"elementor elementor-15159\" data-elementor-post-type=\"page\">\n\t\t\t\t<div class=\"elementor-element elementor-element-4962cb5 e-con-full e-flex e-con e-parent\" data-id=\"4962cb5\" data-element_type=\"container\" data-e-type=\"container\">\n\t\t<div class=\"elementor-element elementor-element-20d31c9a e-flex e-con-boxed e-con e-child\" data-id=\"20d31c9a\" data-element_type=\"container\" data-e-type=\"container\" data-settings=\"{&quot;background_background&quot;:&quot;classic&quot;}\">\n\t\t\t\t\t<div class=\"e-con-inner\">\n\t\t\t\t<div class=\"elementor-element elementor-element-4389f97f elementor-widget elementor-widget-heading\" data-id=\"4389f97f\" data-element_type=\"widget\" data-e-type=\"widget\" data-widget_type=\"heading.default\">\n\t\t\t\t<div class=\"elementor-widget-container\">\n\t\t\t\t\t<span class=\"elementor-heading-title elementor-size-default\">D\u00e9couvrez les trois modes de saisie disponibles pour remplir un constat amiable de d\u00e9g\u00e2ts des eaux sur WATIO. Chaque mode est adapt\u00e9 \u00e0 des situations sp\u00e9cifiques, selon le nombre de parties impliqu\u00e9es et leur accessibilit\u00e9.\n\n<\/span>\t\t\t\t<\/div>\n\t\t\t\t<\/div>\n\t\t\t\t\t<\/div>\n\t\t\t\t<\/div>\n\t\t\t\t<div class=\"elementor-element elementor-element-5d122802 elementor-widget elementor-widget-heading\" data-id=\"5d122802\" data-element_type=\"widget\" data-e-type=\"widget\" data-widget_type=\"heading.default\">\n\t\t\t\t<div class=\"elementor-widget-container\">\n\t\t\t\t\t<h2 class=\"elementor-heading-title elementor-size-default\">Mode 1 : Par 2 assur\u00e9s avec 1 appareil\n<\/h2>\t\t\t\t<\/div>\n\t\t\t\t<\/div>\n\t\t\t\t<div class=\"elementor-element elementor-element-53608272 elementor-widget elementor-widget-text-editor\" data-id=\"53608272\" data-element_type=\"widget\" data-e-type=\"widget\" data-widget_type=\"text-editor.default\">\n\t\t\t\t<div class=\"elementor-widget-container\">\n\t\t\t\t\t\t\t\t\t<h4><strong>Description<\/strong><\/h4>\n<ul>\n<li>Ce mode permet aux deux parties impliqu\u00e9es (Partie A et Partie B) de remplir le constat sur un m\u00eame appareil (ordinateur, tablette ou t\u00e9l\u00e9phone).<\/li>\n<li>Id\u00e9al lorsque les deux parties sont physiquement pr\u00e9sentes au m\u00eame endroit.<\/li>\n<\/ul>\n<h4><strong>Exemples de situations<\/strong><\/h4>\n<ul>\n<li>Une fuite d\u2019eau dans votre appartement provenant de votre voisin.<\/li>\n<li>Une fuite d\u2019eau caus\u00e9e par une rupture de canalisation dans les parties communes.<\/li>\n<li>Une infiltration d\u2019eau dans votre appartement depuis la toiture.<\/li>\n<\/ul>\n<h4><strong>Avantages<\/strong><\/h4>\n<ul>\n<li>Rapide : Toutes les informations sont saisies en une seule session.<\/li>\n<li>Collaboratif : Permet de v\u00e9rifier ensemble les informations saisies avant validation.<\/li>\n<\/ul>\t\t\t\t\t\t\t\t<\/div>\n\t\t\t\t<\/div>\n\t\t\t\t<div class=\"elementor-element elementor-element-644741cc elementor-widget elementor-widget-heading\" data-id=\"644741cc\" data-element_type=\"widget\" data-e-type=\"widget\" data-widget_type=\"heading.default\">\n\t\t\t\t<div class=\"elementor-widget-container\">\n\t\t\t\t\t<h2 class=\"elementor-heading-title elementor-size-default\">Mode 2 : Par 2 assur\u00e9s avec 2 appareils<\/h2>\t\t\t\t<\/div>\n\t\t\t\t<\/div>\n\t\t\t\t<div class=\"elementor-element elementor-element-4ff25a27 elementor-widget elementor-widget-text-editor\" data-id=\"4ff25a27\" data-element_type=\"widget\" data-e-type=\"widget\" data-widget_type=\"text-editor.default\">\n\t\t\t\t<div class=\"elementor-widget-container\">\n\t\t\t\t\t\t\t\t\t<h4><strong>Description<\/strong><\/h4><ul><li>Ce mode est con\u00e7u pour les situations o\u00f9 les deux parties ne peuvent pas se r\u00e9unir.<\/li><li>La Partie A initie le constat et invite la Partie B par email \u00e0 compl\u00e9ter sa partie.<\/li><\/ul><h4><strong>Exemples de situations<\/strong><\/h4><ul><li>Une fuite d\u2019eau dans votre appartement provenant de votre voisin, mais vous ne pouvez pas vous rencontrer.<\/li><li>Une fuite d\u2019eau due \u00e0 une rupture de canalisation dans les parties communes, n\u00e9cessitant une collaboration \u00e0 distance avec le syndic.<\/li><li>Une infiltration depuis la toiture n\u00e9cessitant une coordination entre le locataire et le propri\u00e9taire.<\/li><\/ul><h4><strong>Avantages<\/strong><\/h4><ul><li>Flexible : Chaque partie peut remplir ses informations \u00e0 son propre rythme, sur son propre appareil.<\/li><li>Pratique : Facilite la collaboration m\u00eame \u00e0 distance.<\/li><\/ul>\t\t\t\t\t\t\t\t<\/div>\n\t\t\t\t<\/div>\n\t\t\t\t<div class=\"elementor-element elementor-element-17f0f19a elementor-widget elementor-widget-heading\" data-id=\"17f0f19a\" data-element_type=\"widget\" data-e-type=\"widget\" data-widget_type=\"heading.default\">\n\t\t\t\t<div class=\"elementor-widget-container\">\n\t\t\t\t\t<h2 class=\"elementor-heading-title elementor-size-default\">Mode 3 : Par 1 assur\u00e9 avec 1 appareil<\/h2>\t\t\t\t<\/div>\n\t\t\t\t<\/div>\n\t\t\t\t<div class=\"elementor-element elementor-element-7ee438e4 elementor-widget elementor-widget-text-editor\" data-id=\"7ee438e4\" data-element_type=\"widget\" data-e-type=\"widget\" data-widget_type=\"text-editor.default\">\n\t\t\t\t<div class=\"elementor-widget-container\">\n\t\t\t\t\t\t\t\t\t<h4><strong>Description<\/strong><\/h4><ul><li>Ce mode est adapt\u00e9 lorsque seul un assur\u00e9 est impliqu\u00e9 dans le constat, sans qu\u2019une autre partie ne soit directement concern\u00e9e.<\/li><\/ul><h4><strong>Exemples de situations<\/strong><\/h4><ul><li>Une fuite d\u2019eau de votre machine \u00e0 laver qui a endommag\u00e9 votre parquet.<\/li><li>Vous \u00eates locataire d\u2019une maison individuelle et subissez un d\u00e9g\u00e2t des eaux (toiture, fa\u00e7ade, canalisation).<\/li><li>Votre voisin ou le syndic refuse de remplir sa partie du constat.<\/li><\/ul><h4><strong>Avantages<\/strong><\/h4><ul><li>Ind\u00e9pendance : Permet de remplir seul toutes les informations n\u00e9cessaires.<\/li><li>Simple : Convient aux situations impliquant un seul responsable ou demandeur.<\/li><\/ul>\t\t\t\t\t\t\t\t<\/div>\n\t\t\t\t<\/div>\n\t\t\t\t<div class=\"elementor-element elementor-element-5b060c3 elementor-widget elementor-widget-heading\" data-id=\"5b060c3\" data-element_type=\"widget\" data-e-type=\"widget\" data-widget_type=\"heading.default\">\n\t\t\t\t<div class=\"elementor-widget-container\">\n\t\t\t\t\t<h2 class=\"elementor-heading-title elementor-size-default\">Comment choisir le bon mode de saisie ?\n<\/h2>\t\t\t\t<\/div>\n\t\t\t\t<\/div>\n\t\t\t\t<div class=\"elementor-element elementor-element-806ea6d elementor-widget elementor-widget-text-editor\" data-id=\"806ea6d\" data-element_type=\"widget\" data-e-type=\"widget\" data-widget_type=\"text-editor.default\">\n\t\t\t\t<div class=\"elementor-widget-container\">\n\t\t\t\t\t\t\t\t\t<ul><li><strong>Mode 1 :<\/strong> Si vous \u00eates physiquement pr\u00e9sent avec l\u2019autre partie impliqu\u00e9e.<\/li><li><strong>Mode 2 :<\/strong> Si vous devez collaborer \u00e0 distance avec une autre personne.<\/li><li><strong>Mode 3 :<\/strong> Si vous \u00eates le seul \u00e0 remplir le constat.<\/li><\/ul>\t\t\t\t\t\t\t\t<\/div>\n\t\t\t\t<\/div>\n\t\t\t\t<div class=\"elementor-element elementor-element-b89fb35 elementor-widget elementor-widget-heading\" data-id=\"b89fb35\" data-element_type=\"widget\" data-e-type=\"widget\" data-widget_type=\"heading.default\">\n\t\t\t\t<div class=\"elementor-widget-container\">\n\t\t\t\t\t<h2 class=\"elementor-heading-title elementor-size-default\">Conseils pour utiliser ces modes efficacement\n<\/h2>\t\t\t\t<\/div>\n\t\t\t\t<\/div>\n\t\t\t\t<div class=\"elementor-element elementor-element-95d7853 elementor-widget elementor-widget-text-editor\" data-id=\"95d7853\" data-element_type=\"widget\" data-e-type=\"widget\" data-widget_type=\"text-editor.default\">\n\t\t\t\t<div class=\"elementor-widget-container\">\n\t\t\t\t\t\t\t\t\t<ul>\n<li><strong>Pr\u00e9parez les informations n\u00e9cessaires \u00e0 l\u2019avance<\/strong> : Adresses, coordonn\u00e9es des parties impliqu\u00e9es comme le mail, d\u00e9tails du sinistre, etc.<\/li>\n<li><strong>Communiquez avec l\u2019autre partie (si applicable)<\/strong> pour expliquer le processus et garantir une collaboration fluide.<\/li>\n<li><strong>Rev\u00e9rifiez les informations avant <a href=\"https:\/\/www.watio.fr\/guide\/centre-daide\/faq-comment-signer-le-constat-amiable-de-degat-des-eaux-watio\/\">validation<\/a><\/strong> pour \u00e9viter les erreurs ou les oublis.<\/li>\n<\/ul>\t\t\t\t\t\t\t\t<\/div>\n\t\t\t\t<\/div>\n\t\t\t\t<\/div>\n\t\t\t\t<\/div>\n\t\t","protected":false},"excerpt":{"rendered":"<p>D\u00e9couvrez les trois modes de saisie disponibles pour remplir un constat amiable de d\u00e9g\u00e2ts des eaux sur WATIO. Chaque mode est adapt\u00e9 \u00e0 des situations sp\u00e9cifiques, selon le nombre de parties impliqu\u00e9es et leur accessibilit\u00e9. Mode 1 : Par 2 assur\u00e9s avec 1 appareil Description Ce mode permet aux deux parties impliqu\u00e9es (Partie A et [&hellip;]<\/p>\n","protected":false},"author":1,"featured_media":15161,"parent":6350,"menu_order":0,"comment_status":"closed","ping_status":"closed","template":"","meta":{"footnotes":""},"class_list":["post-15159","page","type-page","status-publish","has-post-thumbnail","hentry"],"yoast_head":"<!-- This site is optimized with the Yoast SEO plugin v27.5 - https:\/\/yoast.com\/product\/yoast-seo-wordpress\/ -->\n<title>FAQ : Quels sont les modes de saisie disponibles pour remplir un constat amiable de d\u00e9g\u00e2ts des eaux ? - Watio<\/title>\n<meta name=\"description\" content=\"D\u00e9couvrez les 3 modes de saisie pour remplir un constat amiable de d\u00e9g\u00e2ts des eaux : sur un appareil, \u00e0 distance \u00e0 plusieurs parties, ou seul\" \/>\n<meta name=\"robots\" content=\"index, follow, max-snippet:-1, max-image-preview:large, max-video-preview:-1\" \/>\n<link rel=\"canonical\" href=\"https:\/\/www.watio.fr\/guide\/centre-daide\/aide-utilisateur-sur-watio\/faq-quels-sont-les-modes-de-saisie-disponibles-pour-remplir-un-constat-amiable-de-degats-des-eaux\/\" \/>\n<meta property=\"og:locale\" content=\"fr_FR\" \/>\n<meta property=\"og:type\" content=\"article\" \/>\n<meta property=\"og:title\" content=\"FAQ : Quels sont les modes de saisie disponibles pour remplir un constat amiable de d\u00e9g\u00e2ts des eaux ? - Watio\" \/>\n<meta property=\"og:description\" content=\"D\u00e9couvrez les 3 modes de saisie pour remplir un constat amiable de d\u00e9g\u00e2ts des eaux : sur un appareil, \u00e0 distance \u00e0 plusieurs parties, ou seul\" \/>\n<meta property=\"og:url\" content=\"https:\/\/www.watio.fr\/guide\/centre-daide\/aide-utilisateur-sur-watio\/faq-quels-sont-les-modes-de-saisie-disponibles-pour-remplir-un-constat-amiable-de-degats-des-eaux\/\" \/>\n<meta property=\"og:site_name\" content=\"Watio\" \/>\n<meta property=\"article:modified_time\" content=\"2025-01-19T18:30:32+00:00\" \/>\n<meta property=\"og:image\" content=\"https:\/\/www.watio.fr\/guide\/wp-content\/uploads\/2025\/01\/Comment-souhaitez-vous-remplir-votre-constat-amiable-degats-des-eaux_WATIO.jpg\" \/>\n\t<meta property=\"og:image:width\" content=\"1322\" \/>\n\t<meta property=\"og:image:height\" content=\"650\" \/>\n\t<meta property=\"og:image:type\" content=\"image\/jpeg\" \/>\n<meta name=\"twitter:card\" content=\"summary_large_image\" \/>\n<meta name=\"twitter:label1\" content=\"Dur\u00e9e de lecture estim\u00e9e\" \/>\n\t<meta name=\"twitter:data1\" content=\"3 minutes\" \/>\n<script type=\"application\/ld+json\" class=\"yoast-schema-graph\">{\"@context\":\"https:\\\/\\\/schema.org\",\"@graph\":[{\"@type\":\"WebPage\",\"@id\":\"https:\\\/\\\/www.watio.fr\\\/guide\\\/centre-daide\\\/aide-utilisateur-sur-watio\\\/faq-quels-sont-les-modes-de-saisie-disponibles-pour-remplir-un-constat-amiable-de-degats-des-eaux\\\/\",\"url\":\"https:\\\/\\\/www.watio.fr\\\/guide\\\/centre-daide\\\/aide-utilisateur-sur-watio\\\/faq-quels-sont-les-modes-de-saisie-disponibles-pour-remplir-un-constat-amiable-de-degats-des-eaux\\\/\",\"name\":\"FAQ : Quels sont les modes de saisie disponibles pour remplir un constat amiable de d\u00e9g\u00e2ts des eaux ? - Watio\",\"isPartOf\":{\"@id\":\"https:\\\/\\\/www.watio.fr\\\/guide\\\/#website\"},\"primaryImageOfPage\":{\"@id\":\"https:\\\/\\\/www.watio.fr\\\/guide\\\/centre-daide\\\/aide-utilisateur-sur-watio\\\/faq-quels-sont-les-modes-de-saisie-disponibles-pour-remplir-un-constat-amiable-de-degats-des-eaux\\\/#primaryimage\"},\"image\":{\"@id\":\"https:\\\/\\\/www.watio.fr\\\/guide\\\/centre-daide\\\/aide-utilisateur-sur-watio\\\/faq-quels-sont-les-modes-de-saisie-disponibles-pour-remplir-un-constat-amiable-de-degats-des-eaux\\\/#primaryimage\"},\"thumbnailUrl\":\"https:\\\/\\\/www.watio.fr\\\/guide\\\/wp-content\\\/uploads\\\/2025\\\/01\\\/Comment-souhaitez-vous-remplir-votre-constat-amiable-degats-des-eaux_WATIO.jpg\",\"datePublished\":\"2024-11-15T12:15:21+00:00\",\"dateModified\":\"2025-01-19T18:30:32+00:00\",\"description\":\"D\u00e9couvrez les 3 modes de saisie pour remplir un constat amiable de d\u00e9g\u00e2ts des eaux : sur un appareil, \u00e0 distance \u00e0 plusieurs parties, ou seul\",\"breadcrumb\":{\"@id\":\"https:\\\/\\\/www.watio.fr\\\/guide\\\/centre-daide\\\/aide-utilisateur-sur-watio\\\/faq-quels-sont-les-modes-de-saisie-disponibles-pour-remplir-un-constat-amiable-de-degats-des-eaux\\\/#breadcrumb\"},\"inLanguage\":\"fr-FR\",\"potentialAction\":[{\"@type\":\"ReadAction\",\"target\":[\"https:\\\/\\\/www.watio.fr\\\/guide\\\/centre-daide\\\/aide-utilisateur-sur-watio\\\/faq-quels-sont-les-modes-de-saisie-disponibles-pour-remplir-un-constat-amiable-de-degats-des-eaux\\\/\"]}]},{\"@type\":\"ImageObject\",\"inLanguage\":\"fr-FR\",\"@id\":\"https:\\\/\\\/www.watio.fr\\\/guide\\\/centre-daide\\\/aide-utilisateur-sur-watio\\\/faq-quels-sont-les-modes-de-saisie-disponibles-pour-remplir-un-constat-amiable-de-degats-des-eaux\\\/#primaryimage\",\"url\":\"https:\\\/\\\/www.watio.fr\\\/guide\\\/wp-content\\\/uploads\\\/2025\\\/01\\\/Comment-souhaitez-vous-remplir-votre-constat-amiable-degats-des-eaux_WATIO.jpg\",\"contentUrl\":\"https:\\\/\\\/www.watio.fr\\\/guide\\\/wp-content\\\/uploads\\\/2025\\\/01\\\/Comment-souhaitez-vous-remplir-votre-constat-amiable-degats-des-eaux_WATIO.jpg\",\"width\":1322,\"height\":650,\"caption\":\"Comment souhaitez-vous remplir votre constat amiable d\u00e9g\u00e2ts des eaux_WATIO\"},{\"@type\":\"BreadcrumbList\",\"@id\":\"https:\\\/\\\/www.watio.fr\\\/guide\\\/centre-daide\\\/aide-utilisateur-sur-watio\\\/faq-quels-sont-les-modes-de-saisie-disponibles-pour-remplir-un-constat-amiable-de-degats-des-eaux\\\/#breadcrumb\",\"itemListElement\":[{\"@type\":\"ListItem\",\"position\":1,\"name\":\"Accueil\",\"item\":\"https:\\\/\\\/www.watio.fr\\\/guide\\\/\"},{\"@type\":\"ListItem\",\"position\":2,\"name\":\"Centre d&rsquo;aide\",\"item\":\"https:\\\/\\\/www.watio.fr\\\/guide\\\/\"},{\"@type\":\"ListItem\",\"position\":3,\"name\":\"Aide utilisateur sur WATIO\",\"item\":\"https:\\\/\\\/www.watio.fr\\\/guide\\\/centre-daide\\\/aide-utilisateur-sur-watio\\\/\"},{\"@type\":\"ListItem\",\"position\":4,\"name\":\"FAQ : Quels sont les modes de saisie disponibles pour remplir un constat amiable de d\u00e9g\u00e2ts des eaux ?\"}]},{\"@type\":\"WebSite\",\"@id\":\"https:\\\/\\\/www.watio.fr\\\/guide\\\/#website\",\"url\":\"https:\\\/\\\/www.watio.fr\\\/guide\\\/\",\"name\":\"Watio\",\"description\":\"\",\"publisher\":{\"@id\":\"https:\\\/\\\/www.watio.fr\\\/guide\\\/#organization\"},\"potentialAction\":[{\"@type\":\"SearchAction\",\"target\":{\"@type\":\"EntryPoint\",\"urlTemplate\":\"https:\\\/\\\/www.watio.fr\\\/guide\\\/?s={search_term_string}\"},\"query-input\":{\"@type\":\"PropertyValueSpecification\",\"valueRequired\":true,\"valueName\":\"search_term_string\"}}],\"inLanguage\":\"fr-FR\"},{\"@type\":\"Organization\",\"@id\":\"https:\\\/\\\/www.watio.fr\\\/guide\\\/#organization\",\"name\":\"Watio\",\"url\":\"https:\\\/\\\/www.watio.fr\\\/guide\\\/\",\"logo\":{\"@type\":\"ImageObject\",\"inLanguage\":\"fr-FR\",\"@id\":\"https:\\\/\\\/www.watio.fr\\\/guide\\\/#\\\/schema\\\/logo\\\/image\\\/\",\"url\":\"https:\\\/\\\/www.watio.fr\\\/guide\\\/wp-content\\\/uploads\\\/2024\\\/01\\\/watio.png\",\"contentUrl\":\"https:\\\/\\\/www.watio.fr\\\/guide\\\/wp-content\\\/uploads\\\/2024\\\/01\\\/watio.png\",\"width\":1920,\"height\":1080,\"caption\":\"Watio\"},\"image\":{\"@id\":\"https:\\\/\\\/www.watio.fr\\\/guide\\\/#\\\/schema\\\/logo\\\/image\\\/\"},\"sameAs\":[\"https:\\\/\\\/www.linkedin.com\\\/company\\\/watio\\\/\"]}]}<\/script>\n<!-- \/ Yoast SEO plugin. -->","yoast_head_json":{"title":"FAQ : Quels sont les modes de saisie disponibles pour remplir un constat amiable de d\u00e9g\u00e2ts des eaux ? - Watio","description":"D\u00e9couvrez les 3 modes de saisie pour remplir un constat amiable de d\u00e9g\u00e2ts des eaux : sur un appareil, \u00e0 distance \u00e0 plusieurs parties, ou seul","robots":{"index":"index","follow":"follow","max-snippet":"max-snippet:-1","max-image-preview":"max-image-preview:large","max-video-preview":"max-video-preview:-1"},"canonical":"https:\/\/www.watio.fr\/guide\/centre-daide\/aide-utilisateur-sur-watio\/faq-quels-sont-les-modes-de-saisie-disponibles-pour-remplir-un-constat-amiable-de-degats-des-eaux\/","og_locale":"fr_FR","og_type":"article","og_title":"FAQ : Quels sont les modes de saisie disponibles pour remplir un constat amiable de d\u00e9g\u00e2ts des eaux ? - Watio","og_description":"D\u00e9couvrez les 3 modes de saisie pour remplir un constat amiable de d\u00e9g\u00e2ts des eaux : sur un appareil, \u00e0 distance \u00e0 plusieurs parties, ou seul","og_url":"https:\/\/www.watio.fr\/guide\/centre-daide\/aide-utilisateur-sur-watio\/faq-quels-sont-les-modes-de-saisie-disponibles-pour-remplir-un-constat-amiable-de-degats-des-eaux\/","og_site_name":"Watio","article_modified_time":"2025-01-19T18:30:32+00:00","og_image":[{"width":1322,"height":650,"url":"https:\/\/www.watio.fr\/guide\/wp-content\/uploads\/2025\/01\/Comment-souhaitez-vous-remplir-votre-constat-amiable-degats-des-eaux_WATIO.jpg","type":"image\/jpeg"}],"twitter_card":"summary_large_image","twitter_misc":{"Dur\u00e9e de lecture estim\u00e9e":"3 minutes"},"schema":{"@context":"https:\/\/schema.org","@graph":[{"@type":"WebPage","@id":"https:\/\/www.watio.fr\/guide\/centre-daide\/aide-utilisateur-sur-watio\/faq-quels-sont-les-modes-de-saisie-disponibles-pour-remplir-un-constat-amiable-de-degats-des-eaux\/","url":"https:\/\/www.watio.fr\/guide\/centre-daide\/aide-utilisateur-sur-watio\/faq-quels-sont-les-modes-de-saisie-disponibles-pour-remplir-un-constat-amiable-de-degats-des-eaux\/","name":"FAQ : Quels sont les modes de saisie disponibles pour remplir un constat amiable de d\u00e9g\u00e2ts des eaux ? - Watio","isPartOf":{"@id":"https:\/\/www.watio.fr\/guide\/#website"},"primaryImageOfPage":{"@id":"https:\/\/www.watio.fr\/guide\/centre-daide\/aide-utilisateur-sur-watio\/faq-quels-sont-les-modes-de-saisie-disponibles-pour-remplir-un-constat-amiable-de-degats-des-eaux\/#primaryimage"},"image":{"@id":"https:\/\/www.watio.fr\/guide\/centre-daide\/aide-utilisateur-sur-watio\/faq-quels-sont-les-modes-de-saisie-disponibles-pour-remplir-un-constat-amiable-de-degats-des-eaux\/#primaryimage"},"thumbnailUrl":"https:\/\/www.watio.fr\/guide\/wp-content\/uploads\/2025\/01\/Comment-souhaitez-vous-remplir-votre-constat-amiable-degats-des-eaux_WATIO.jpg","datePublished":"2024-11-15T12:15:21+00:00","dateModified":"2025-01-19T18:30:32+00:00","description":"D\u00e9couvrez les 3 modes de saisie pour remplir un constat amiable de d\u00e9g\u00e2ts des eaux : sur un appareil, \u00e0 distance \u00e0 plusieurs parties, ou seul","breadcrumb":{"@id":"https:\/\/www.watio.fr\/guide\/centre-daide\/aide-utilisateur-sur-watio\/faq-quels-sont-les-modes-de-saisie-disponibles-pour-remplir-un-constat-amiable-de-degats-des-eaux\/#breadcrumb"},"inLanguage":"fr-FR","potentialAction":[{"@type":"ReadAction","target":["https:\/\/www.watio.fr\/guide\/centre-daide\/aide-utilisateur-sur-watio\/faq-quels-sont-les-modes-de-saisie-disponibles-pour-remplir-un-constat-amiable-de-degats-des-eaux\/"]}]},{"@type":"ImageObject","inLanguage":"fr-FR","@id":"https:\/\/www.watio.fr\/guide\/centre-daide\/aide-utilisateur-sur-watio\/faq-quels-sont-les-modes-de-saisie-disponibles-pour-remplir-un-constat-amiable-de-degats-des-eaux\/#primaryimage","url":"https:\/\/www.watio.fr\/guide\/wp-content\/uploads\/2025\/01\/Comment-souhaitez-vous-remplir-votre-constat-amiable-degats-des-eaux_WATIO.jpg","contentUrl":"https:\/\/www.watio.fr\/guide\/wp-content\/uploads\/2025\/01\/Comment-souhaitez-vous-remplir-votre-constat-amiable-degats-des-eaux_WATIO.jpg","width":1322,"height":650,"caption":"Comment souhaitez-vous remplir votre constat amiable d\u00e9g\u00e2ts des eaux_WATIO"},{"@type":"BreadcrumbList","@id":"https:\/\/www.watio.fr\/guide\/centre-daide\/aide-utilisateur-sur-watio\/faq-quels-sont-les-modes-de-saisie-disponibles-pour-remplir-un-constat-amiable-de-degats-des-eaux\/#breadcrumb","itemListElement":[{"@type":"ListItem","position":1,"name":"Accueil","item":"https:\/\/www.watio.fr\/guide\/"},{"@type":"ListItem","position":2,"name":"Centre d&rsquo;aide","item":"https:\/\/www.watio.fr\/guide\/"},{"@type":"ListItem","position":3,"name":"Aide utilisateur sur WATIO","item":"https:\/\/www.watio.fr\/guide\/centre-daide\/aide-utilisateur-sur-watio\/"},{"@type":"ListItem","position":4,"name":"FAQ : Quels sont les modes de saisie disponibles pour remplir un constat amiable de d\u00e9g\u00e2ts des eaux ?"}]},{"@type":"WebSite","@id":"https:\/\/www.watio.fr\/guide\/#website","url":"https:\/\/www.watio.fr\/guide\/","name":"Watio","description":"","publisher":{"@id":"https:\/\/www.watio.fr\/guide\/#organization"},"potentialAction":[{"@type":"SearchAction","target":{"@type":"EntryPoint","urlTemplate":"https:\/\/www.watio.fr\/guide\/?s={search_term_string}"},"query-input":{"@type":"PropertyValueSpecification","valueRequired":true,"valueName":"search_term_string"}}],"inLanguage":"fr-FR"},{"@type":"Organization","@id":"https:\/\/www.watio.fr\/guide\/#organization","name":"Watio","url":"https:\/\/www.watio.fr\/guide\/","logo":{"@type":"ImageObject","inLanguage":"fr-FR","@id":"https:\/\/www.watio.fr\/guide\/#\/schema\/logo\/image\/","url":"https:\/\/www.watio.fr\/guide\/wp-content\/uploads\/2024\/01\/watio.png","contentUrl":"https:\/\/www.watio.fr\/guide\/wp-content\/uploads\/2024\/01\/watio.png","width":1920,"height":1080,"caption":"Watio"},"image":{"@id":"https:\/\/www.watio.fr\/guide\/#\/schema\/logo\/image\/"},"sameAs":["https:\/\/www.linkedin.com\/company\/watio\/"]}]}},"_links":{"self":[{"href":"https:\/\/www.watio.fr\/guide\/wp-json\/wp\/v2\/pages\/15159","targetHints":{"allow":["GET"]}}],"collection":[{"href":"https:\/\/www.watio.fr\/guide\/wp-json\/wp\/v2\/pages"}],"about":[{"href":"https:\/\/www.watio.fr\/guide\/wp-json\/wp\/v2\/types\/page"}],"author":[{"embeddable":true,"href":"https:\/\/www.watio.fr\/guide\/wp-json\/wp\/v2\/users\/1"}],"replies":[{"embeddable":true,"href":"https:\/\/www.watio.fr\/guide\/wp-json\/wp\/v2\/comments?post=15159"}],"version-history":[{"count":25,"href":"https:\/\/www.watio.fr\/guide\/wp-json\/wp\/v2\/pages\/15159\/revisions"}],"predecessor-version":[{"id":15187,"href":"https:\/\/www.watio.fr\/guide\/wp-json\/wp\/v2\/pages\/15159\/revisions\/15187"}],"up":[{"embeddable":true,"href":"https:\/\/www.watio.fr\/guide\/wp-json\/wp\/v2\/pages\/6350"}],"wp:featuredmedia":[{"embeddable":true,"href":"https:\/\/www.watio.fr\/guide\/wp-json\/wp\/v2\/media\/15161"}],"wp:attachment":[{"href":"https:\/\/www.watio.fr\/guide\/wp-json\/wp\/v2\/media?parent=15159"}],"curies":[{"name":"wp","href":"https:\/\/api.w.org\/{rel}","templated":true}]}}