{"id":3516,"date":"2024-03-20T13:15:44","date_gmt":"2024-03-20T12:15:44","guid":{"rendered":"https:\/\/www.watio.fr\/guide\/?page_id=3516"},"modified":"2024-05-08T15:58:04","modified_gmt":"2024-05-08T13:58:04","slug":"tableau-synthetique-convention-irsi-cide-cop-2-1","status":"publish","type":"page","link":"https:\/\/www.watio.fr\/guide\/centre-daide\/les-professionnels-de-limmobilier-syndic-adb-et-gestionnaire-locatif\/tableau-synthetique-convention-irsi-cide-cop-21\/","title":{"rendered":"Tableau synth\u00e9tique convention : IRSI &#8211; CIDE COP &#8211; 2.1"},"content":{"rendered":"\t\t<div data-elementor-type=\"wp-page\" data-elementor-id=\"3516\" class=\"elementor elementor-3516\" data-elementor-post-type=\"page\">\n\t\t\t\t<div class=\"elementor-element elementor-element-dc774b6 e-flex e-con-boxed e-con e-parent\" data-id=\"dc774b6\" data-element_type=\"container\" data-e-type=\"container\">\n\t\t\t\t\t<div class=\"e-con-inner\">\n\t\t\t\t<div class=\"elementor-element elementor-element-ad9f420 elementor-widget elementor-widget-html\" data-id=\"ad9f420\" data-element_type=\"widget\" data-e-type=\"widget\" data-widget_type=\"html.default\">\n\t\t\t\t<div class=\"elementor-widget-container\">\n\t\t\t\t\t<div class=\"mb-4\">\r\n    <table class=\"MsoTableGrid\" style=\"border-collapse:collapse; border:none\">\r\n        <tbody>\r\n\r\n        <tr>\r\n            <td style=\"border:1px solid black; padding:7px; background-color:#e8f5ff;vertical-align: middle;\">\r\n                <img decoding=\"async\" src=\"\/guide\/wp-content\/uploads\/elementor\/thumbs\/watio-qi6382tic986cerf1t483vd5devg1pb67fkqv5vf9c.png\" alt=\"watio\" \/>\r\n            <\/td>\r\n            <td style=\"border:1px solid black; padding:7px; background-color:#e8f5ff;vertical-align: middle;\">\r\n                <a href=\"\/guide\/centre-daide\/guide-de-survie-en-copropriete\/la-convention-irsi-quest-ce-que-cest\/\"><h2 style=\"text-align:center;\">Convention IRSI<\/h2><\/a>\r\n            <\/td>\r\n            <td style=\"border:1px solid black; padding:7px; background-color:#e8f5ff;vertical-align: middle;\">\r\n                <a href=\"\/guide\/centre-daide\/guide-de-survie-en-copropriete\/la-convention-cide-cop\/\"><h2 style=\"text-align:center;\">Convention CIDE COP<\/h2><\/a>\r\n            <\/td>\r\n            <td style=\"border:1px solid black; padding:7px; background-color:#e8f5ff;vertical-align: middle;\" >\r\n                <a href=\"\/guide\/centre-daide\/les-professionnels-de-limmobilier-syndic-adb-et-gestionnaire-locatif\/la-convention-21-en-copropriete-cest-quoi\/\"><h2 style=\"text-align: center;\">Convention 2.1<\/h2><\/a>\r\n        <\/tr>\r\n        <tr>\r\n            <td style=\"border-bottom:1px solid black; padding:7px; border-top:none; border-right:1px solid black; border-left:1px solid black;vertical-align: middle;\">\r\n                Ev\u00e8nements\r\n            <\/td>\r\n            <td style=\"border-bottom:1px solid black; padding:7px; border-top:none; border-right:1px solid black; border-left:none;vertical-align: middle;\">\r\n                D\u00e9g\u00e2t des eaux (DDE) et incendie\r\n            <\/td>\r\n            <td style=\"border-bottom:1px solid black; padding:7px; border-top:none; border-right:1px solid black; border-left:none;vertical-align: middle;\">\r\n                DDE prenant naissance dans la copropri\u00e9t\u00e9\r\n            <\/td>\r\n            <td style=\"border-bottom:1px solid black; padding:7px; border-top:none; border-right:1px solid black; border-left:none;vertical-align: middle;\">\r\n                Tous \u00e9v\u00e8nements dont DDE si origine n\u2019est pas dans la copropri\u00e9t\u00e9 concern\u00e9e\r\n            <\/td>\r\n        <\/tr>\r\n        <tr>\r\n            <td style=\"border-bottom:1px solid black; padding:7px; border-top:none; border-right:1px solid black; border-left:1px solid black;vertical-align: middle;\">\r\n                Nature de l'immeuble\r\n            <\/td>\r\n            <td style=\"border-bottom:1px solid black; padding:7px; border-top:none; border-right:1px solid black; border-left:none;vertical-align: middle;\" >\r\n                Tous types d'immeuble\r\n            <\/td>\r\n            <td style=\"border-bottom:1px solid black; padding:7px; border-top:none; border-right:1px solid black; border-left:none;vertical-align: middle;\" >\r\n                Copropri\u00e9t\u00e9\r\n            <\/td>\r\n            <td style=\"border-bottom:1px solid black; padding:7px; border-top:none; border-right:1px solid black; border-left:none;vertical-align: middle;\" >\r\n                Copropri\u00e9t\u00e9\r\n            <\/td>\r\n        <\/tr>\r\n        <tr>\r\n            <td style=\"border-bottom:1px solid black; padding:7px; border-top:none; border-right:1px solid black; border-left:1px solid black;vertical-align: middle;\">\r\n                Les conditions d'application\r\n            <\/td>\r\n            <td style=\"border-bottom:1px solid black; padding:7px; border-top:none; border-right:1px solid black; border-left:none;vertical-align: middle;\">\r\n                Cause non exclue et dommage par local inf\u00e9rieur \u00e0 5000 \u20ac HT\r\n            <\/td>\r\n            <td style=\"border-bottom:1px solid black; padding:7px; border-top:none; border-right:1px solid black; border-left:none;vertical-align: middle;\">\r\n                Dommage sup\u00e9rieur \u00e0 5 000 \u20ac HT ou inf\u00e9rieur \u00e0 5 000 \u20ac mais cause exclue en IRSI et garantie au contrat\r\n            <\/td>\r\n            <td style=\"border-bottom:1px solid black; padding:7px; border-top:none; border-right:1px solid black; border-left:none;vertical-align: middle;\">\r\n                DDE\u00a0: Dommages sup\u00e9rieur \u00e0 5 000 \u20ac avec origine hors copropri\u00e9t\u00e9 concern\u00e9e\r\n            <\/td>\r\n        <\/tr>\r\n        <tr>\r\n            <td style=\"border-bottom:1px solid black; padding:7px; border-top:none; border-right:1px solid black; border-left:1px solid black;vertical-align: middle\">\r\n                Plafond d'application\r\n            <\/td>\r\n            <td style=\"border-bottom:1px solid black; padding:7px; border-top:none; border-right:1px solid black; border-left:none;vertical-align: middle;\">\r\n                Inf\u00e9rieur \u00e0 5000 \u20ac HT\r\n            <\/td>\r\n            <td style=\"border-bottom:1px solid black; padding:7px; border-top:none; border-right:1px solid black; border-left:none;vertical-align: middle;\">\r\n                Illimit\u00e9\r\n            <\/td>\r\n            <td style=\"border-bottom:1px solid black; padding:7px; border-top:none; border-right:1px solid black; border-left:none;vertical-align: middle;\">\r\n                Illimit\u00e9\r\n            <\/td>\r\n        <\/tr>\r\n        <tr>\r\n            <td style=\"border-bottom:1px solid black; padding:7px; border-top:none; border-right:1px solid black; border-left:1px solid black;vertical-align: middle;\">\r\n                Cause\r\n            <\/td>\r\n            <td style=\"border-bottom:1px solid black; padding:7px; border-top:none; border-right:1px solid black; border-left:none;vertical-align: middle;\">\r\n                Cause non exclue\r\n            <\/td>\r\n            <td style=\"border-bottom:1px solid black; padding:7px; border-top:none; border-right:1px solid black; border-left:none;vertical-align: middle;\">\r\n                Cause garantie contractuellement\r\n            <\/td>\r\n            <td style=\"border-bottom:1px solid black; padding:7px; border-top:none; border-right:1px solid black; border-left:none;vertical-align: middle;\">\r\n                Cause garantie contractuellement\r\n            <\/td>\r\n        <\/tr>\r\n        <tr>\r\n            <td style=\"border-bottom:1px solid black; padding:7px; border-top:none; border-right:1px solid black; border-left:1px solid black;vertical-align: middle;\">\r\n                Recours\r\n            <\/td>\r\n            <td style=\"border-bottom:1px solid black; padding:7px; border-top:none; border-right:1px solid black; border-left:none;vertical-align: middle;\">\r\n                Conventionnel en Tranche 2 (de 1600 \u00e0 5000 \u20ac HT)\r\n            <\/td>\r\n            <td style=\"border-bottom:1px solid black; padding:7px; border-top:none; border-right:1px solid black; border-left:none;vertical-align: middle;\">\r\n                Conventionnel\r\n            <\/td>\r\n            <td style=\"border-bottom:1px solid black; padding:7px; border-top:none; border-right:1px solid black; border-left:none;vertical-align: middle;\">\r\n                Droit commun\r\n            <\/td>\r\n        <\/tr>\r\n        <tr>\r\n            <td style=\"border-bottom:1px solid black; padding:7px; border-top:none; border-right:1px solid black; border-left:1px solid black;vertical-align: middle;\">\r\n                Expertise\r\n            <\/td>\r\n            <td style=\"border-bottom:1px solid black; padding:7px; border-top:none; border-right:1px solid black; border-left:none;vertical-align: middle;\">\r\n                Expertise pour compte commun\r\n            <\/td>\r\n            <td style=\"border-bottom:1px solid black; padding:7px; border-top:none; border-right:1px solid black; border-left:none;vertical-align: middle;\">\r\n                <p><a href=\"https:\/\/www.watio.fr\/guide\/centre-daide\/guide-de-survie-pour-les-proprietaires-bailleurs\/expertise-amiable-et-contradictoire-eac-quest-ce-que-cest\/\">E.A.C<\/a>&nbsp;<\/p>\r\n            <\/td>\r\n            <td style=\"border-bottom:1px solid black; padding:7px; border-top:none; border-right:1px solid black; border-left:none;vertical-align: middle;\">\r\n                <p><a href=\"https:\/\/www.watio.fr\/guide\/centre-daide\/guide-de-survie-pour-les-proprietaires-bailleurs\/expertise-amiable-et-contradictoire-eac-quest-ce-que-cest\/\">E.A.C<\/a>&nbsp;<\/p>\r\n            <\/td>\r\n        <\/tr>\r\n        <\/tbody>\r\n    <\/table>\r\n<\/div>\r\n\r\n\t\t\t\t<\/div>\n\t\t\t\t<\/div>\n\t\t\t\t\t<\/div>\n\t\t\t\t<\/div>\n\t\t\t\t<\/div>\n\t\t","protected":false},"excerpt":{"rendered":"<p>Convention IRSI &nbsp; Convention CIDE COP &nbsp; Convention 2.1 &nbsp; Ev\u00e8nements D\u00e9g\u00e2t des eaux (DDE) et incendie DDE prenant naissance dans la copropri\u00e9t\u00e9 Tous \u00e9v\u00e8nements dont DDE si origine n\u2019est pas dans la copropri\u00e9t\u00e9 concern\u00e9e Nature de l&rsquo;immeuble Tous types d&rsquo;immeuble Copropri\u00e9t\u00e9 Copropri\u00e9t\u00e9 Les conditions d&rsquo;application Cause non exclue et dommage par local inf\u00e9rieur \u00e0 [&hellip;]<\/p>\n","protected":false},"author":1,"featured_media":5691,"parent":985,"menu_order":0,"comment_status":"closed","ping_status":"closed","template":"","meta":{"footnotes":""},"class_list":["post-3516","page","type-page","status-publish","has-post-thumbnail","hentry"],"yoast_head":"<!-- This site is optimized with the Yoast SEO plugin v27.5 - https:\/\/yoast.com\/product\/yoast-seo-wordpress\/ -->\n<title>Tableau synth\u00e9tique convention : IRSI - CIDE COP - 2.1 - Watio<\/title>\n<meta name=\"description\" content=\"D\u00e9couvrez les conditions d&#039;application des diff\u00e9rentes conventions en fonction de la nature des immeubles et du sinistre\" \/>\n<meta name=\"robots\" content=\"index, follow, max-snippet:-1, max-image-preview:large, max-video-preview:-1\" \/>\n<link rel=\"canonical\" href=\"https:\/\/www.watio.fr\/guide\/centre-daide\/les-professionnels-de-limmobilier-syndic-adb-et-gestionnaire-locatif\/tableau-synthetique-convention-irsi-cide-cop-21\/\" \/>\n<meta property=\"og:locale\" content=\"fr_FR\" \/>\n<meta property=\"og:type\" content=\"article\" \/>\n<meta property=\"og:title\" content=\"Tableau synth\u00e9tique convention : IRSI - CIDE COP - 2.1 - Watio\" \/>\n<meta property=\"og:description\" content=\"D\u00e9couvrez les conditions d&#039;application des diff\u00e9rentes conventions en fonction de la nature des immeubles et du sinistre\" \/>\n<meta property=\"og:url\" content=\"https:\/\/www.watio.fr\/guide\/centre-daide\/les-professionnels-de-limmobilier-syndic-adb-et-gestionnaire-locatif\/tableau-synthetique-convention-irsi-cide-cop-21\/\" \/>\n<meta property=\"og:site_name\" content=\"Watio\" \/>\n<meta property=\"article:modified_time\" content=\"2024-05-08T13:58:04+00:00\" \/>\n<meta property=\"og:image\" content=\"https:\/\/www.watio.fr\/guide\/wp-content\/uploads\/2024\/03\/Tableau-synthetique-convention-IRSI-CIDE-COP-2.1_WATIO_1200x800.jpg\" \/>\n\t<meta property=\"og:image:width\" content=\"1200\" \/>\n\t<meta property=\"og:image:height\" content=\"800\" \/>\n\t<meta property=\"og:image:type\" content=\"image\/jpeg\" \/>\n<meta name=\"twitter:card\" content=\"summary_large_image\" \/>\n<meta name=\"twitter:label1\" content=\"Dur\u00e9e de lecture estim\u00e9e\" \/>\n\t<meta name=\"twitter:data1\" content=\"2 minutes\" \/>\n<script type=\"application\/ld+json\" class=\"yoast-schema-graph\">{\"@context\":\"https:\\\/\\\/schema.org\",\"@graph\":[{\"@type\":\"WebPage\",\"@id\":\"https:\\\/\\\/www.watio.fr\\\/guide\\\/centre-daide\\\/les-professionnels-de-limmobilier-syndic-adb-et-gestionnaire-locatif\\\/tableau-synthetique-convention-irsi-cide-cop-21\\\/\",\"url\":\"https:\\\/\\\/www.watio.fr\\\/guide\\\/centre-daide\\\/les-professionnels-de-limmobilier-syndic-adb-et-gestionnaire-locatif\\\/tableau-synthetique-convention-irsi-cide-cop-21\\\/\",\"name\":\"Tableau synth\u00e9tique convention : IRSI - CIDE COP - 2.1 - Watio\",\"isPartOf\":{\"@id\":\"https:\\\/\\\/www.watio.fr\\\/guide\\\/#website\"},\"primaryImageOfPage\":{\"@id\":\"https:\\\/\\\/www.watio.fr\\\/guide\\\/centre-daide\\\/les-professionnels-de-limmobilier-syndic-adb-et-gestionnaire-locatif\\\/tableau-synthetique-convention-irsi-cide-cop-21\\\/#primaryimage\"},\"image\":{\"@id\":\"https:\\\/\\\/www.watio.fr\\\/guide\\\/centre-daide\\\/les-professionnels-de-limmobilier-syndic-adb-et-gestionnaire-locatif\\\/tableau-synthetique-convention-irsi-cide-cop-21\\\/#primaryimage\"},\"thumbnailUrl\":\"https:\\\/\\\/www.watio.fr\\\/guide\\\/wp-content\\\/uploads\\\/2024\\\/03\\\/Tableau-synthetique-convention-IRSI-CIDE-COP-2.1_WATIO_1200x800.jpg\",\"datePublished\":\"2024-03-20T12:15:44+00:00\",\"dateModified\":\"2024-05-08T13:58:04+00:00\",\"description\":\"D\u00e9couvrez les conditions d'application des diff\u00e9rentes conventions en fonction de la nature des immeubles et du sinistre\",\"breadcrumb\":{\"@id\":\"https:\\\/\\\/www.watio.fr\\\/guide\\\/centre-daide\\\/les-professionnels-de-limmobilier-syndic-adb-et-gestionnaire-locatif\\\/tableau-synthetique-convention-irsi-cide-cop-21\\\/#breadcrumb\"},\"inLanguage\":\"fr-FR\",\"potentialAction\":[{\"@type\":\"ReadAction\",\"target\":[\"https:\\\/\\\/www.watio.fr\\\/guide\\\/centre-daide\\\/les-professionnels-de-limmobilier-syndic-adb-et-gestionnaire-locatif\\\/tableau-synthetique-convention-irsi-cide-cop-21\\\/\"]}]},{\"@type\":\"ImageObject\",\"inLanguage\":\"fr-FR\",\"@id\":\"https:\\\/\\\/www.watio.fr\\\/guide\\\/centre-daide\\\/les-professionnels-de-limmobilier-syndic-adb-et-gestionnaire-locatif\\\/tableau-synthetique-convention-irsi-cide-cop-21\\\/#primaryimage\",\"url\":\"https:\\\/\\\/www.watio.fr\\\/guide\\\/wp-content\\\/uploads\\\/2024\\\/03\\\/Tableau-synthetique-convention-IRSI-CIDE-COP-2.1_WATIO_1200x800.jpg\",\"contentUrl\":\"https:\\\/\\\/www.watio.fr\\\/guide\\\/wp-content\\\/uploads\\\/2024\\\/03\\\/Tableau-synthetique-convention-IRSI-CIDE-COP-2.1_WATIO_1200x800.jpg\",\"width\":1200,\"height\":800,\"caption\":\"Tableau synth\u00e9tique convention : IRSI - CIDE COP - 2.1 - WATIO\"},{\"@type\":\"BreadcrumbList\",\"@id\":\"https:\\\/\\\/www.watio.fr\\\/guide\\\/centre-daide\\\/les-professionnels-de-limmobilier-syndic-adb-et-gestionnaire-locatif\\\/tableau-synthetique-convention-irsi-cide-cop-21\\\/#breadcrumb\",\"itemListElement\":[{\"@type\":\"ListItem\",\"position\":1,\"name\":\"Accueil\",\"item\":\"https:\\\/\\\/www.watio.fr\\\/guide\\\/\"},{\"@type\":\"ListItem\",\"position\":2,\"name\":\"Centre d&rsquo;aide\",\"item\":\"https:\\\/\\\/www.watio.fr\\\/guide\\\/\"},{\"@type\":\"ListItem\",\"position\":3,\"name\":\"Les professionnels de l&rsquo;immobilier (syndic, ADB et gestionnaire locatif)\",\"item\":\"https:\\\/\\\/www.watio.fr\\\/guide\\\/les-professionnels-de-limmobilier-syndic-adb-et-gestionnaire-locatif\\\/\"},{\"@type\":\"ListItem\",\"position\":4,\"name\":\"Tableau synth\u00e9tique convention : IRSI &#8211; CIDE COP &#8211; 2.1\"}]},{\"@type\":\"WebSite\",\"@id\":\"https:\\\/\\\/www.watio.fr\\\/guide\\\/#website\",\"url\":\"https:\\\/\\\/www.watio.fr\\\/guide\\\/\",\"name\":\"Watio\",\"description\":\"\",\"publisher\":{\"@id\":\"https:\\\/\\\/www.watio.fr\\\/guide\\\/#organization\"},\"potentialAction\":[{\"@type\":\"SearchAction\",\"target\":{\"@type\":\"EntryPoint\",\"urlTemplate\":\"https:\\\/\\\/www.watio.fr\\\/guide\\\/?s={search_term_string}\"},\"query-input\":{\"@type\":\"PropertyValueSpecification\",\"valueRequired\":true,\"valueName\":\"search_term_string\"}}],\"inLanguage\":\"fr-FR\"},{\"@type\":\"Organization\",\"@id\":\"https:\\\/\\\/www.watio.fr\\\/guide\\\/#organization\",\"name\":\"Watio\",\"url\":\"https:\\\/\\\/www.watio.fr\\\/guide\\\/\",\"logo\":{\"@type\":\"ImageObject\",\"inLanguage\":\"fr-FR\",\"@id\":\"https:\\\/\\\/www.watio.fr\\\/guide\\\/#\\\/schema\\\/logo\\\/image\\\/\",\"url\":\"https:\\\/\\\/www.watio.fr\\\/guide\\\/wp-content\\\/uploads\\\/2024\\\/01\\\/watio.png\",\"contentUrl\":\"https:\\\/\\\/www.watio.fr\\\/guide\\\/wp-content\\\/uploads\\\/2024\\\/01\\\/watio.png\",\"width\":1920,\"height\":1080,\"caption\":\"Watio\"},\"image\":{\"@id\":\"https:\\\/\\\/www.watio.fr\\\/guide\\\/#\\\/schema\\\/logo\\\/image\\\/\"},\"sameAs\":[\"https:\\\/\\\/www.linkedin.com\\\/company\\\/watio\\\/\"]}]}<\/script>\n<!-- \/ Yoast SEO plugin. -->","yoast_head_json":{"title":"Tableau synth\u00e9tique convention : IRSI - CIDE COP - 2.1 - Watio","description":"D\u00e9couvrez les conditions d'application des diff\u00e9rentes conventions en fonction de la nature des immeubles et du sinistre","robots":{"index":"index","follow":"follow","max-snippet":"max-snippet:-1","max-image-preview":"max-image-preview:large","max-video-preview":"max-video-preview:-1"},"canonical":"https:\/\/www.watio.fr\/guide\/centre-daide\/les-professionnels-de-limmobilier-syndic-adb-et-gestionnaire-locatif\/tableau-synthetique-convention-irsi-cide-cop-21\/","og_locale":"fr_FR","og_type":"article","og_title":"Tableau synth\u00e9tique convention : IRSI - CIDE COP - 2.1 - Watio","og_description":"D\u00e9couvrez les conditions d'application des diff\u00e9rentes conventions en fonction de la nature des immeubles et du sinistre","og_url":"https:\/\/www.watio.fr\/guide\/centre-daide\/les-professionnels-de-limmobilier-syndic-adb-et-gestionnaire-locatif\/tableau-synthetique-convention-irsi-cide-cop-21\/","og_site_name":"Watio","article_modified_time":"2024-05-08T13:58:04+00:00","og_image":[{"width":1200,"height":800,"url":"https:\/\/www.watio.fr\/guide\/wp-content\/uploads\/2024\/03\/Tableau-synthetique-convention-IRSI-CIDE-COP-2.1_WATIO_1200x800.jpg","type":"image\/jpeg"}],"twitter_card":"summary_large_image","twitter_misc":{"Dur\u00e9e de lecture estim\u00e9e":"2 minutes"},"schema":{"@context":"https:\/\/schema.org","@graph":[{"@type":"WebPage","@id":"https:\/\/www.watio.fr\/guide\/centre-daide\/les-professionnels-de-limmobilier-syndic-adb-et-gestionnaire-locatif\/tableau-synthetique-convention-irsi-cide-cop-21\/","url":"https:\/\/www.watio.fr\/guide\/centre-daide\/les-professionnels-de-limmobilier-syndic-adb-et-gestionnaire-locatif\/tableau-synthetique-convention-irsi-cide-cop-21\/","name":"Tableau synth\u00e9tique convention : IRSI - CIDE COP - 2.1 - Watio","isPartOf":{"@id":"https:\/\/www.watio.fr\/guide\/#website"},"primaryImageOfPage":{"@id":"https:\/\/www.watio.fr\/guide\/centre-daide\/les-professionnels-de-limmobilier-syndic-adb-et-gestionnaire-locatif\/tableau-synthetique-convention-irsi-cide-cop-21\/#primaryimage"},"image":{"@id":"https:\/\/www.watio.fr\/guide\/centre-daide\/les-professionnels-de-limmobilier-syndic-adb-et-gestionnaire-locatif\/tableau-synthetique-convention-irsi-cide-cop-21\/#primaryimage"},"thumbnailUrl":"https:\/\/www.watio.fr\/guide\/wp-content\/uploads\/2024\/03\/Tableau-synthetique-convention-IRSI-CIDE-COP-2.1_WATIO_1200x800.jpg","datePublished":"2024-03-20T12:15:44+00:00","dateModified":"2024-05-08T13:58:04+00:00","description":"D\u00e9couvrez les conditions d'application des diff\u00e9rentes conventions en fonction de la nature des immeubles et du sinistre","breadcrumb":{"@id":"https:\/\/www.watio.fr\/guide\/centre-daide\/les-professionnels-de-limmobilier-syndic-adb-et-gestionnaire-locatif\/tableau-synthetique-convention-irsi-cide-cop-21\/#breadcrumb"},"inLanguage":"fr-FR","potentialAction":[{"@type":"ReadAction","target":["https:\/\/www.watio.fr\/guide\/centre-daide\/les-professionnels-de-limmobilier-syndic-adb-et-gestionnaire-locatif\/tableau-synthetique-convention-irsi-cide-cop-21\/"]}]},{"@type":"ImageObject","inLanguage":"fr-FR","@id":"https:\/\/www.watio.fr\/guide\/centre-daide\/les-professionnels-de-limmobilier-syndic-adb-et-gestionnaire-locatif\/tableau-synthetique-convention-irsi-cide-cop-21\/#primaryimage","url":"https:\/\/www.watio.fr\/guide\/wp-content\/uploads\/2024\/03\/Tableau-synthetique-convention-IRSI-CIDE-COP-2.1_WATIO_1200x800.jpg","contentUrl":"https:\/\/www.watio.fr\/guide\/wp-content\/uploads\/2024\/03\/Tableau-synthetique-convention-IRSI-CIDE-COP-2.1_WATIO_1200x800.jpg","width":1200,"height":800,"caption":"Tableau synth\u00e9tique convention : IRSI - CIDE COP - 2.1 - WATIO"},{"@type":"BreadcrumbList","@id":"https:\/\/www.watio.fr\/guide\/centre-daide\/les-professionnels-de-limmobilier-syndic-adb-et-gestionnaire-locatif\/tableau-synthetique-convention-irsi-cide-cop-21\/#breadcrumb","itemListElement":[{"@type":"ListItem","position":1,"name":"Accueil","item":"https:\/\/www.watio.fr\/guide\/"},{"@type":"ListItem","position":2,"name":"Centre d&rsquo;aide","item":"https:\/\/www.watio.fr\/guide\/"},{"@type":"ListItem","position":3,"name":"Les professionnels de l&rsquo;immobilier (syndic, ADB et gestionnaire locatif)","item":"https:\/\/www.watio.fr\/guide\/les-professionnels-de-limmobilier-syndic-adb-et-gestionnaire-locatif\/"},{"@type":"ListItem","position":4,"name":"Tableau synth\u00e9tique convention : IRSI &#8211; CIDE COP &#8211; 2.1"}]},{"@type":"WebSite","@id":"https:\/\/www.watio.fr\/guide\/#website","url":"https:\/\/www.watio.fr\/guide\/","name":"Watio","description":"","publisher":{"@id":"https:\/\/www.watio.fr\/guide\/#organization"},"potentialAction":[{"@type":"SearchAction","target":{"@type":"EntryPoint","urlTemplate":"https:\/\/www.watio.fr\/guide\/?s={search_term_string}"},"query-input":{"@type":"PropertyValueSpecification","valueRequired":true,"valueName":"search_term_string"}}],"inLanguage":"fr-FR"},{"@type":"Organization","@id":"https:\/\/www.watio.fr\/guide\/#organization","name":"Watio","url":"https:\/\/www.watio.fr\/guide\/","logo":{"@type":"ImageObject","inLanguage":"fr-FR","@id":"https:\/\/www.watio.fr\/guide\/#\/schema\/logo\/image\/","url":"https:\/\/www.watio.fr\/guide\/wp-content\/uploads\/2024\/01\/watio.png","contentUrl":"https:\/\/www.watio.fr\/guide\/wp-content\/uploads\/2024\/01\/watio.png","width":1920,"height":1080,"caption":"Watio"},"image":{"@id":"https:\/\/www.watio.fr\/guide\/#\/schema\/logo\/image\/"},"sameAs":["https:\/\/www.linkedin.com\/company\/watio\/"]}]}},"_links":{"self":[{"href":"https:\/\/www.watio.fr\/guide\/wp-json\/wp\/v2\/pages\/3516","targetHints":{"allow":["GET"]}}],"collection":[{"href":"https:\/\/www.watio.fr\/guide\/wp-json\/wp\/v2\/pages"}],"about":[{"href":"https:\/\/www.watio.fr\/guide\/wp-json\/wp\/v2\/types\/page"}],"author":[{"embeddable":true,"href":"https:\/\/www.watio.fr\/guide\/wp-json\/wp\/v2\/users\/1"}],"replies":[{"embeddable":true,"href":"https:\/\/www.watio.fr\/guide\/wp-json\/wp\/v2\/comments?post=3516"}],"version-history":[{"count":93,"href":"https:\/\/www.watio.fr\/guide\/wp-json\/wp\/v2\/pages\/3516\/revisions"}],"predecessor-version":[{"id":5692,"href":"https:\/\/www.watio.fr\/guide\/wp-json\/wp\/v2\/pages\/3516\/revisions\/5692"}],"up":[{"embeddable":true,"href":"https:\/\/www.watio.fr\/guide\/wp-json\/wp\/v2\/pages\/985"}],"wp:featuredmedia":[{"embeddable":true,"href":"https:\/\/www.watio.fr\/guide\/wp-json\/wp\/v2\/media\/5691"}],"wp:attachment":[{"href":"https:\/\/www.watio.fr\/guide\/wp-json\/wp\/v2\/media?parent=3516"}],"curies":[{"name":"wp","href":"https:\/\/api.w.org\/{rel}","templated":true}]}}