{"id":3580,"date":"2024-03-11T13:15:43","date_gmt":"2024-03-11T12:15:43","guid":{"rendered":"https:\/\/www.watio.fr\/guide\/?page_id=3580"},"modified":"2024-05-08T15:56:11","modified_gmt":"2024-05-08T13:56:11","slug":"partie-commune-ou-privative-ce-qui-est-contenu","status":"publish","type":"page","link":"https:\/\/www.watio.fr\/guide\/centre-daide\/guide-de-survie-en-copropriete\/partie-commune-ou-privative-ce-qui-est-contenu\/","title":{"rendered":"Partie commune ou privative : ce qui est contenu"},"content":{"rendered":"\t\t<div data-elementor-type=\"wp-page\" data-elementor-id=\"3580\" class=\"elementor elementor-3580\" data-elementor-post-type=\"page\">\n\t\t\t\t<div class=\"elementor-element elementor-element-260738df e-con-full e-flex e-con e-parent\" data-id=\"260738df\" data-element_type=\"container\" data-e-type=\"container\">\n\t\t<div class=\"elementor-element elementor-element-37da298b e-flex e-con-boxed e-con e-child\" data-id=\"37da298b\" data-element_type=\"container\" data-e-type=\"container\" data-settings=\"{&quot;background_background&quot;:&quot;classic&quot;}\">\n\t\t\t\t\t<div class=\"e-con-inner\">\n\t\t\t\t<div class=\"elementor-element elementor-element-74100641 elementor-widget elementor-widget-heading\" data-id=\"74100641\" data-element_type=\"widget\" data-e-type=\"widget\" data-widget_type=\"heading.default\">\n\t\t\t\t<div class=\"elementor-widget-container\">\n\t\t\t\t\t<span class=\"elementor-heading-title elementor-size-default\">Le d\u00e9g\u00e2t des eaux en copropri\u00e9t\u00e9 peut affecter aussi bien une partie commune qu'une partie privative. D\u00e9couvrez rapidement les diff\u00e9rences dans le contenu qui est accept\u00e9 dans l'indemnisation pour les parties communes et privatives.<\/span>\t\t\t\t<\/div>\n\t\t\t\t<\/div>\n\t\t\t\t\t<\/div>\n\t\t\t\t<\/div>\n\t\t\t\t<div class=\"elementor-element elementor-element-50c7826 elementor-widget elementor-widget-heading\" data-id=\"50c7826\" data-element_type=\"widget\" data-e-type=\"widget\" data-widget_type=\"heading.default\">\n\t\t\t\t<div class=\"elementor-widget-container\">\n\t\t\t\t\t<h2 class=\"elementor-heading-title elementor-size-default\">Contenu des parties privatives<\/h2>\t\t\t\t<\/div>\n\t\t\t\t<\/div>\n\t\t\t\t<div class=\"elementor-element elementor-element-5c4876a1 elementor-widget elementor-widget-text-editor\" data-id=\"5c4876a1\" data-element_type=\"widget\" data-e-type=\"widget\" data-widget_type=\"text-editor.default\">\n\t\t\t\t<div class=\"elementor-widget-container\">\n\t\t\t\t\t\t\t\t\t<p>Il s&rsquo;agit de tous biens mobiliers, y compris les biens lou\u00e9s ou confi\u00e9s, se trouvant \u00e0 l&rsquo;int\u00e9rieur des <a href=\"https:\/\/www.watio.fr\/guide\/centre-daide\/guide-de-survie-en-copropriete\/quest-ce-quune-partie-privative\/\"><b>locaux privatifs<\/b><\/a> \u00e0 l&rsquo;exception des :<\/p><ul><li>esp\u00e8ces, titres et valeurs<\/li><li>v\u00e9hicules terrestres \u00e0 moteur soumis \u00e0 l&rsquo;obligation d&rsquo;assurance, remorques, caravanes<\/li><li>engins nautiques \u00e0 moteur ou \u00e0 voile<\/li><li>appareils de navigation a\u00e9rienne<\/li><\/ul>\t\t\t\t\t\t\t\t<\/div>\n\t\t\t\t<\/div>\n\t\t\t\t<div class=\"elementor-element elementor-element-7d0076de elementor-widget elementor-widget-heading\" data-id=\"7d0076de\" data-element_type=\"widget\" data-e-type=\"widget\" data-widget_type=\"heading.default\">\n\t\t\t\t<div class=\"elementor-widget-container\">\n\t\t\t\t\t<h2 class=\"elementor-heading-title elementor-size-default\">Contenu des parties communes<\/h2>\t\t\t\t<\/div>\n\t\t\t\t<\/div>\n\t\t\t\t<div class=\"elementor-element elementor-element-dbea7f6 elementor-widget elementor-widget-text-editor\" data-id=\"dbea7f6\" data-element_type=\"widget\" data-e-type=\"widget\" data-widget_type=\"text-editor.default\">\n\t\t\t\t<div class=\"elementor-widget-container\">\n\t\t\t\t\t\t\t\t\t<p>Il s&rsquo;agit des biens mobiliers appartenant \u00e0 l&rsquo;immeuble, ainsi que les biens lou\u00e9s ou confi\u00e9s, se trouvant \u00e0 l&rsquo;int\u00e9rieur des <a href=\"https:\/\/www.watio.fr\/guide\/centre-daide\/guide-de-survie-en-copropriete\/quest-ce-quune-partie-commune\/\"><b>locaux communs<\/b><\/a> \u00e0 l&rsquo;exception des :<\/p><ul><li>esp\u00e8ces, titres et valeurs<\/li><li>v\u00e9hicules terrestres \u00e0 moteur soumis \u00e0 l&rsquo;obligation d&rsquo;assurance, remorques, caravanes<\/li><li>engins nautiques \u00e0 moteur ou \u00e0 voile<\/li><li>appareils de navigation a\u00e9rienne<\/li><\/ul>\t\t\t\t\t\t\t\t<\/div>\n\t\t\t\t<\/div>\n\t\t\t\t<\/div>\n\t\t\t\t<\/div>\n\t\t","protected":false},"excerpt":{"rendered":"<p>Le d\u00e9g\u00e2t des eaux en copropri\u00e9t\u00e9 peut affecter aussi bien une partie commune qu&rsquo;une partie privative. D\u00e9couvrez rapidement les diff\u00e9rences dans le contenu qui est accept\u00e9 dans l&rsquo;indemnisation pour les parties communes et privatives. Contenu des parties privatives Il s&rsquo;agit de tous biens mobiliers, y compris les biens lou\u00e9s ou confi\u00e9s, se trouvant \u00e0 l&rsquo;int\u00e9rieur [&hellip;]<\/p>\n","protected":false},"author":1,"featured_media":3606,"parent":477,"menu_order":0,"comment_status":"closed","ping_status":"closed","template":"","meta":{"footnotes":""},"class_list":["post-3580","page","type-page","status-publish","has-post-thumbnail","hentry"],"yoast_head":"<!-- This site is optimized with the Yoast SEO plugin v27.5 - https:\/\/yoast.com\/product\/yoast-seo-wordpress\/ -->\n<title>Partie commune ou privative : ce qui est contenu - Watio<\/title>\n<meta name=\"description\" content=\"D\u00e9couvrez les \u00e9l\u00e9ments (commune et privative) qui sont pris en compte dans le calcul de l&#039;indemnisation du d\u00e9g\u00e2t des eaux en copropri\u00e9t\u00e9.\" \/>\n<meta name=\"robots\" content=\"index, follow, max-snippet:-1, max-image-preview:large, max-video-preview:-1\" \/>\n<link rel=\"canonical\" href=\"https:\/\/www.watio.fr\/guide\/centre-daide\/guide-de-survie-en-copropriete\/partie-commune-ou-privative-ce-qui-est-contenu\/\" \/>\n<meta property=\"og:locale\" content=\"fr_FR\" \/>\n<meta property=\"og:type\" content=\"article\" \/>\n<meta property=\"og:title\" content=\"Partie commune ou privative : ce qui est contenu - Watio\" \/>\n<meta property=\"og:description\" content=\"D\u00e9couvrez les \u00e9l\u00e9ments (commune et privative) qui sont pris en compte dans le calcul de l&#039;indemnisation du d\u00e9g\u00e2t des eaux en copropri\u00e9t\u00e9.\" \/>\n<meta property=\"og:url\" content=\"https:\/\/www.watio.fr\/guide\/centre-daide\/guide-de-survie-en-copropriete\/partie-commune-ou-privative-ce-qui-est-contenu\/\" \/>\n<meta property=\"og:site_name\" content=\"Watio\" \/>\n<meta property=\"article:modified_time\" content=\"2024-05-08T13:56:11+00:00\" \/>\n<meta property=\"og:image\" content=\"https:\/\/www.watio.fr\/guide\/wp-content\/uploads\/2024\/02\/Partie-commune-ou-privative-ce-qui-est-contenu_WATIO_1200x800.jpg\" \/>\n\t<meta property=\"og:image:width\" content=\"1200\" \/>\n\t<meta property=\"og:image:height\" content=\"800\" \/>\n\t<meta property=\"og:image:type\" content=\"image\/jpeg\" \/>\n<meta name=\"twitter:card\" content=\"summary_large_image\" \/>\n<meta name=\"twitter:label1\" content=\"Dur\u00e9e de lecture estim\u00e9e\" \/>\n\t<meta name=\"twitter:data1\" content=\"1 minute\" \/>\n<script type=\"application\/ld+json\" class=\"yoast-schema-graph\">{\"@context\":\"https:\\\/\\\/schema.org\",\"@graph\":[{\"@type\":\"WebPage\",\"@id\":\"https:\\\/\\\/www.watio.fr\\\/guide\\\/centre-daide\\\/guide-de-survie-en-copropriete\\\/partie-commune-ou-privative-ce-qui-est-contenu\\\/\",\"url\":\"https:\\\/\\\/www.watio.fr\\\/guide\\\/centre-daide\\\/guide-de-survie-en-copropriete\\\/partie-commune-ou-privative-ce-qui-est-contenu\\\/\",\"name\":\"Partie commune ou privative : ce qui est contenu - Watio\",\"isPartOf\":{\"@id\":\"https:\\\/\\\/www.watio.fr\\\/guide\\\/#website\"},\"primaryImageOfPage\":{\"@id\":\"https:\\\/\\\/www.watio.fr\\\/guide\\\/centre-daide\\\/guide-de-survie-en-copropriete\\\/partie-commune-ou-privative-ce-qui-est-contenu\\\/#primaryimage\"},\"image\":{\"@id\":\"https:\\\/\\\/www.watio.fr\\\/guide\\\/centre-daide\\\/guide-de-survie-en-copropriete\\\/partie-commune-ou-privative-ce-qui-est-contenu\\\/#primaryimage\"},\"thumbnailUrl\":\"https:\\\/\\\/www.watio.fr\\\/guide\\\/wp-content\\\/uploads\\\/2024\\\/02\\\/Partie-commune-ou-privative-ce-qui-est-contenu_WATIO_1200x800.jpg\",\"datePublished\":\"2024-03-11T12:15:43+00:00\",\"dateModified\":\"2024-05-08T13:56:11+00:00\",\"description\":\"D\u00e9couvrez les \u00e9l\u00e9ments (commune et privative) qui sont pris en compte dans le calcul de l'indemnisation du d\u00e9g\u00e2t des eaux en copropri\u00e9t\u00e9.\",\"breadcrumb\":{\"@id\":\"https:\\\/\\\/www.watio.fr\\\/guide\\\/centre-daide\\\/guide-de-survie-en-copropriete\\\/partie-commune-ou-privative-ce-qui-est-contenu\\\/#breadcrumb\"},\"inLanguage\":\"fr-FR\",\"potentialAction\":[{\"@type\":\"ReadAction\",\"target\":[\"https:\\\/\\\/www.watio.fr\\\/guide\\\/centre-daide\\\/guide-de-survie-en-copropriete\\\/partie-commune-ou-privative-ce-qui-est-contenu\\\/\"]}]},{\"@type\":\"ImageObject\",\"inLanguage\":\"fr-FR\",\"@id\":\"https:\\\/\\\/www.watio.fr\\\/guide\\\/centre-daide\\\/guide-de-survie-en-copropriete\\\/partie-commune-ou-privative-ce-qui-est-contenu\\\/#primaryimage\",\"url\":\"https:\\\/\\\/www.watio.fr\\\/guide\\\/wp-content\\\/uploads\\\/2024\\\/02\\\/Partie-commune-ou-privative-ce-qui-est-contenu_WATIO_1200x800.jpg\",\"contentUrl\":\"https:\\\/\\\/www.watio.fr\\\/guide\\\/wp-content\\\/uploads\\\/2024\\\/02\\\/Partie-commune-ou-privative-ce-qui-est-contenu_WATIO_1200x800.jpg\",\"width\":1200,\"height\":800,\"caption\":\"Partie commune ou privative : ce qui est contenu - WATIO\"},{\"@type\":\"BreadcrumbList\",\"@id\":\"https:\\\/\\\/www.watio.fr\\\/guide\\\/centre-daide\\\/guide-de-survie-en-copropriete\\\/partie-commune-ou-privative-ce-qui-est-contenu\\\/#breadcrumb\",\"itemListElement\":[{\"@type\":\"ListItem\",\"position\":1,\"name\":\"Accueil\",\"item\":\"https:\\\/\\\/www.watio.fr\\\/guide\\\/\"},{\"@type\":\"ListItem\",\"position\":2,\"name\":\"Centre d&rsquo;aide\",\"item\":\"https:\\\/\\\/www.watio.fr\\\/guide\\\/\"},{\"@type\":\"ListItem\",\"position\":3,\"name\":\"Guide de survie en copropri\u00e9t\u00e9\",\"item\":\"https:\\\/\\\/www.watio.fr\\\/guide\\\/guide-de-survie-en-copropriete\\\/\"},{\"@type\":\"ListItem\",\"position\":4,\"name\":\"Partie commune ou privative : ce qui est contenu\"}]},{\"@type\":\"WebSite\",\"@id\":\"https:\\\/\\\/www.watio.fr\\\/guide\\\/#website\",\"url\":\"https:\\\/\\\/www.watio.fr\\\/guide\\\/\",\"name\":\"Watio\",\"description\":\"\",\"publisher\":{\"@id\":\"https:\\\/\\\/www.watio.fr\\\/guide\\\/#organization\"},\"potentialAction\":[{\"@type\":\"SearchAction\",\"target\":{\"@type\":\"EntryPoint\",\"urlTemplate\":\"https:\\\/\\\/www.watio.fr\\\/guide\\\/?s={search_term_string}\"},\"query-input\":{\"@type\":\"PropertyValueSpecification\",\"valueRequired\":true,\"valueName\":\"search_term_string\"}}],\"inLanguage\":\"fr-FR\"},{\"@type\":\"Organization\",\"@id\":\"https:\\\/\\\/www.watio.fr\\\/guide\\\/#organization\",\"name\":\"Watio\",\"url\":\"https:\\\/\\\/www.watio.fr\\\/guide\\\/\",\"logo\":{\"@type\":\"ImageObject\",\"inLanguage\":\"fr-FR\",\"@id\":\"https:\\\/\\\/www.watio.fr\\\/guide\\\/#\\\/schema\\\/logo\\\/image\\\/\",\"url\":\"https:\\\/\\\/www.watio.fr\\\/guide\\\/wp-content\\\/uploads\\\/2024\\\/01\\\/watio.png\",\"contentUrl\":\"https:\\\/\\\/www.watio.fr\\\/guide\\\/wp-content\\\/uploads\\\/2024\\\/01\\\/watio.png\",\"width\":1920,\"height\":1080,\"caption\":\"Watio\"},\"image\":{\"@id\":\"https:\\\/\\\/www.watio.fr\\\/guide\\\/#\\\/schema\\\/logo\\\/image\\\/\"},\"sameAs\":[\"https:\\\/\\\/www.linkedin.com\\\/company\\\/watio\\\/\"]}]}<\/script>\n<!-- \/ Yoast SEO plugin. -->","yoast_head_json":{"title":"Partie commune ou privative : ce qui est contenu - Watio","description":"D\u00e9couvrez les \u00e9l\u00e9ments (commune et privative) qui sont pris en compte dans le calcul de l'indemnisation du d\u00e9g\u00e2t des eaux en copropri\u00e9t\u00e9.","robots":{"index":"index","follow":"follow","max-snippet":"max-snippet:-1","max-image-preview":"max-image-preview:large","max-video-preview":"max-video-preview:-1"},"canonical":"https:\/\/www.watio.fr\/guide\/centre-daide\/guide-de-survie-en-copropriete\/partie-commune-ou-privative-ce-qui-est-contenu\/","og_locale":"fr_FR","og_type":"article","og_title":"Partie commune ou privative : ce qui est contenu - Watio","og_description":"D\u00e9couvrez les \u00e9l\u00e9ments (commune et privative) qui sont pris en compte dans le calcul de l'indemnisation du d\u00e9g\u00e2t des eaux en copropri\u00e9t\u00e9.","og_url":"https:\/\/www.watio.fr\/guide\/centre-daide\/guide-de-survie-en-copropriete\/partie-commune-ou-privative-ce-qui-est-contenu\/","og_site_name":"Watio","article_modified_time":"2024-05-08T13:56:11+00:00","og_image":[{"width":1200,"height":800,"url":"https:\/\/www.watio.fr\/guide\/wp-content\/uploads\/2024\/02\/Partie-commune-ou-privative-ce-qui-est-contenu_WATIO_1200x800.jpg","type":"image\/jpeg"}],"twitter_card":"summary_large_image","twitter_misc":{"Dur\u00e9e de lecture estim\u00e9e":"1 minute"},"schema":{"@context":"https:\/\/schema.org","@graph":[{"@type":"WebPage","@id":"https:\/\/www.watio.fr\/guide\/centre-daide\/guide-de-survie-en-copropriete\/partie-commune-ou-privative-ce-qui-est-contenu\/","url":"https:\/\/www.watio.fr\/guide\/centre-daide\/guide-de-survie-en-copropriete\/partie-commune-ou-privative-ce-qui-est-contenu\/","name":"Partie commune ou privative : ce qui est contenu - Watio","isPartOf":{"@id":"https:\/\/www.watio.fr\/guide\/#website"},"primaryImageOfPage":{"@id":"https:\/\/www.watio.fr\/guide\/centre-daide\/guide-de-survie-en-copropriete\/partie-commune-ou-privative-ce-qui-est-contenu\/#primaryimage"},"image":{"@id":"https:\/\/www.watio.fr\/guide\/centre-daide\/guide-de-survie-en-copropriete\/partie-commune-ou-privative-ce-qui-est-contenu\/#primaryimage"},"thumbnailUrl":"https:\/\/www.watio.fr\/guide\/wp-content\/uploads\/2024\/02\/Partie-commune-ou-privative-ce-qui-est-contenu_WATIO_1200x800.jpg","datePublished":"2024-03-11T12:15:43+00:00","dateModified":"2024-05-08T13:56:11+00:00","description":"D\u00e9couvrez les \u00e9l\u00e9ments (commune et privative) qui sont pris en compte dans le calcul de l'indemnisation du d\u00e9g\u00e2t des eaux en copropri\u00e9t\u00e9.","breadcrumb":{"@id":"https:\/\/www.watio.fr\/guide\/centre-daide\/guide-de-survie-en-copropriete\/partie-commune-ou-privative-ce-qui-est-contenu\/#breadcrumb"},"inLanguage":"fr-FR","potentialAction":[{"@type":"ReadAction","target":["https:\/\/www.watio.fr\/guide\/centre-daide\/guide-de-survie-en-copropriete\/partie-commune-ou-privative-ce-qui-est-contenu\/"]}]},{"@type":"ImageObject","inLanguage":"fr-FR","@id":"https:\/\/www.watio.fr\/guide\/centre-daide\/guide-de-survie-en-copropriete\/partie-commune-ou-privative-ce-qui-est-contenu\/#primaryimage","url":"https:\/\/www.watio.fr\/guide\/wp-content\/uploads\/2024\/02\/Partie-commune-ou-privative-ce-qui-est-contenu_WATIO_1200x800.jpg","contentUrl":"https:\/\/www.watio.fr\/guide\/wp-content\/uploads\/2024\/02\/Partie-commune-ou-privative-ce-qui-est-contenu_WATIO_1200x800.jpg","width":1200,"height":800,"caption":"Partie commune ou privative : ce qui est contenu - WATIO"},{"@type":"BreadcrumbList","@id":"https:\/\/www.watio.fr\/guide\/centre-daide\/guide-de-survie-en-copropriete\/partie-commune-ou-privative-ce-qui-est-contenu\/#breadcrumb","itemListElement":[{"@type":"ListItem","position":1,"name":"Accueil","item":"https:\/\/www.watio.fr\/guide\/"},{"@type":"ListItem","position":2,"name":"Centre d&rsquo;aide","item":"https:\/\/www.watio.fr\/guide\/"},{"@type":"ListItem","position":3,"name":"Guide de survie en copropri\u00e9t\u00e9","item":"https:\/\/www.watio.fr\/guide\/guide-de-survie-en-copropriete\/"},{"@type":"ListItem","position":4,"name":"Partie commune ou privative : ce qui est contenu"}]},{"@type":"WebSite","@id":"https:\/\/www.watio.fr\/guide\/#website","url":"https:\/\/www.watio.fr\/guide\/","name":"Watio","description":"","publisher":{"@id":"https:\/\/www.watio.fr\/guide\/#organization"},"potentialAction":[{"@type":"SearchAction","target":{"@type":"EntryPoint","urlTemplate":"https:\/\/www.watio.fr\/guide\/?s={search_term_string}"},"query-input":{"@type":"PropertyValueSpecification","valueRequired":true,"valueName":"search_term_string"}}],"inLanguage":"fr-FR"},{"@type":"Organization","@id":"https:\/\/www.watio.fr\/guide\/#organization","name":"Watio","url":"https:\/\/www.watio.fr\/guide\/","logo":{"@type":"ImageObject","inLanguage":"fr-FR","@id":"https:\/\/www.watio.fr\/guide\/#\/schema\/logo\/image\/","url":"https:\/\/www.watio.fr\/guide\/wp-content\/uploads\/2024\/01\/watio.png","contentUrl":"https:\/\/www.watio.fr\/guide\/wp-content\/uploads\/2024\/01\/watio.png","width":1920,"height":1080,"caption":"Watio"},"image":{"@id":"https:\/\/www.watio.fr\/guide\/#\/schema\/logo\/image\/"},"sameAs":["https:\/\/www.linkedin.com\/company\/watio\/"]}]}},"_links":{"self":[{"href":"https:\/\/www.watio.fr\/guide\/wp-json\/wp\/v2\/pages\/3580","targetHints":{"allow":["GET"]}}],"collection":[{"href":"https:\/\/www.watio.fr\/guide\/wp-json\/wp\/v2\/pages"}],"about":[{"href":"https:\/\/www.watio.fr\/guide\/wp-json\/wp\/v2\/types\/page"}],"author":[{"embeddable":true,"href":"https:\/\/www.watio.fr\/guide\/wp-json\/wp\/v2\/users\/1"}],"replies":[{"embeddable":true,"href":"https:\/\/www.watio.fr\/guide\/wp-json\/wp\/v2\/comments?post=3580"}],"version-history":[{"count":37,"href":"https:\/\/www.watio.fr\/guide\/wp-json\/wp\/v2\/pages\/3580\/revisions"}],"predecessor-version":[{"id":7278,"href":"https:\/\/www.watio.fr\/guide\/wp-json\/wp\/v2\/pages\/3580\/revisions\/7278"}],"up":[{"embeddable":true,"href":"https:\/\/www.watio.fr\/guide\/wp-json\/wp\/v2\/pages\/477"}],"wp:featuredmedia":[{"embeddable":true,"href":"https:\/\/www.watio.fr\/guide\/wp-json\/wp\/v2\/media\/3606"}],"wp:attachment":[{"href":"https:\/\/www.watio.fr\/guide\/wp-json\/wp\/v2\/media?parent=3580"}],"curies":[{"name":"wp","href":"https:\/\/api.w.org\/{rel}","templated":true}]}}